{"id":1088,"date":"2021-11-19T16:13:15","date_gmt":"2021-11-19T16:13:15","guid":{"rendered":"http:\/\/www.spelcor.com.pe\/?post_type=product&#038;p=1088"},"modified":"2021-11-19T16:13:16","modified_gmt":"2021-11-19T16:13:16","slug":"shelter-de-anden-serie-ts-marco-rigido","status":"publish","type":"product","link":"https:\/\/www.spelcor.com.pe\/?product=shelter-de-anden-serie-ts-marco-rigido","title":{"rendered":"Shelter de Anden Serie TS Marco Rigido"},"content":{"rendered":"<p>El Shelter de Anden r\u00edgido Kelley Serie TS est\u00e1 dise\u00f1ado para acomodar una amplia variedad de tama\u00f1os de puertas y veh\u00edculos, proporcionando acceso a toda la anchura de la parte trasera del remolque. Los soportes de acero protegen el bastidor de los remolques descentrados, y los estantes de fibra de vidrio flexibles aseguran que la presi\u00f3n de la cortina de cabeza y lateral se mantiene en el cuerpo del remolque. Un marco de la cabeza cubierto de fibra de vidrio transl\u00facido con rastrillo de 2 &#8220;de lado a lado asegura el drenaje de agua adecuado.<\/p>\n<div id=\"u26445-29\" class=\"clearfix grpelem\" data-muse-uid=\"U26445\" data-muse-type=\"txt_frame\" data-ibe-flags=\"txtStyleSrc\">\n<p id=\"u26445-2\">Caracter\u00edsticas Principales:<\/p>\n<ul id=\"u26445-27\" class=\"list0 nls-None\">\n<li>Marco de Canal de Acero con Lados Est\u00e1ndar 2\u2033 X 4\u2033 &amp; 2\u2033 X 6\u2033 parte superior Rastrillada<\/li>\n<li>La Orilla exterior de Cortinas de Cara con \u00c1ngulos Recortados de Aluminio<\/li>\n<li>La Cortina de la cabeza Incluye Cinco Estancias de Fibra de vidrio, Cuatro solapas sobrepuestas por lateral &amp; Tiras de Viento<\/li>\n<li>Las Cortinas del lado Incluyen C\u00e9lula Cerrada Neopreno Dentro de Sellado de Orilla &amp; Panel de Uso de Fondo<\/li>\n<li>Proyecci\u00f3n est\u00e1ndar del Marco de la Unidad de 24\u2033<\/li>\n<li>Proyecci\u00f3n est\u00e1ndar del Apoyo del Acero de 30\u2033<\/li>\n<li>Cada abrigo Incluye una Almohadillas de Giro de Espuma &amp; Un Par de Protectores Estructurales de Apoyo de Acero.<\/li>\n<li>La parte superior del Abrigo debe Ser Mantenida un M\u00ednimo de 15\u00b4-0\u2033 De Grado<\/li>\n<li>Ensamble falso del Encabezamiento Suministr\u00f3 para Alturas del abrigo en 16\u00b4-6\u2033 De Grado &amp; Arriba<\/li>\n<li>Los marcos laterales cubiertos con fibra de vidrio Blanca Trasl\u00facida<\/li>\n<li>Aumente Altura \u201cEst\u00e1ndar\u201d de Unidad por 6\u2033 Cuando Camiones de 14\u00b4 est\u00e1n Presentes<\/li>\n<li>Sistema de Integraci\u00f3n de Sellado de Lluvia en Abrigo disponible en Proyecciones hasta 30\u2033<\/li>\n<\/ul>\n<\/div>\n","protected":false},"excerpt":{"rendered":"<p>El Shelter de Anden r\u00edgido Kelley Serie TS est\u00e1 dise\u00f1ado para acomodar una amplia variedad de tama\u00f1os de puertas y veh\u00edculos, proporcionando acceso a toda la anchura de la parte trasera del remolque.<\/p>\n","protected":false},"featured_media":1090,"comment_status":"open","ping_status":"closed","template":"","meta":[],"product_cat":[27,30],"product_tag":[],"yoast_head":"<!-- This site is optimized with the Yoast SEO Premium plugin v17.6 (Yoast SEO v17.6) - https:\/\/yoast.com\/wordpress\/plugins\/seo\/ -->\n<title>Shelter de Anden Serie TS Marco Rigido - Spelcor<\/title>\n<meta name=\"description\" content=\"El Shelter de Anden r\u00edgido Kelley Serie TS est\u00e1 dise\u00f1ado para acomodar una amplia variedad de tama\u00f1os de puertas y veh\u00edculos, proporcionando acceso a toda la anchura de la parte trasera del remolque.\" \/>\n<meta name=\"robots\" content=\"index, follow, max-snippet:-1, max-image-preview:large, max-video-preview:-1\" \/>\n<link rel=\"canonical\" href=\"https:\/\/www.spelcor.com.pe\/?product=shelter-de-anden-serie-ts-marco-rigido\" \/>\n<meta property=\"og:locale\" content=\"es_ES\" \/>\n<meta property=\"og:type\" content=\"article\" \/>\n<meta property=\"og:title\" content=\"Shelter de Anden Serie TS Marco Rigido\" \/>\n<meta property=\"og:description\" content=\"El Shelter de Anden r\u00edgido Kelley Serie TS est\u00e1 dise\u00f1ado para acomodar una amplia variedad de tama\u00f1os de puertas y veh\u00edculos, proporcionando acceso a toda la anchura de la parte trasera del remolque.\" \/>\n<meta property=\"og:url\" content=\"https:\/\/www.spelcor.com.pe\/?product=shelter-de-anden-serie-ts-marco-rigido\" \/>\n<meta property=\"og:site_name\" content=\"Spelcor\" \/>\n<meta property=\"article:modified_time\" content=\"2021-11-19T16:13:16+00:00\" \/>\n<meta property=\"og:image\" content=\"https:\/\/www.spelcor.com.pe\/wp-content\/uploads\/2021\/11\/Shelter_TS-Kelleyjpg.jpg\" \/>\n\t<meta property=\"og:image:width\" content=\"600\" \/>\n\t<meta property=\"og:image:height\" content=\"435\" \/>\n<meta name=\"twitter:card\" content=\"summary_large_image\" \/>\n<meta name=\"twitter:label1\" content=\"Tiempo de lectura\" \/>\n\t<meta name=\"twitter:data1\" content=\"2 minutos\" \/>\n<script type=\"application\/ld+json\" class=\"yoast-schema-graph\">{\"@context\":\"https:\/\/schema.org\",\"@graph\":[{\"@type\":\"WebSite\",\"@id\":\"http:\/\/www.spelcor.com.pe\/#website\",\"url\":\"http:\/\/www.spelcor.com.pe\/\",\"name\":\"Spelcor\",\"description\":\"Equipamiento e Ingenieria Industrial\",\"potentialAction\":[{\"@type\":\"SearchAction\",\"target\":{\"@type\":\"EntryPoint\",\"urlTemplate\":\"http:\/\/www.spelcor.com.pe\/?s={search_term_string}\"},\"query-input\":\"required name=search_term_string\"}],\"inLanguage\":\"es\"},{\"@type\":\"ImageObject\",\"@id\":\"https:\/\/www.spelcor.com.pe\/?product=shelter-de-anden-serie-ts-marco-rigido#primaryimage\",\"inLanguage\":\"es\",\"url\":\"https:\/\/www.spelcor.com.pe\/wp-content\/uploads\/2021\/11\/Shelter_TS-Kelleyjpg.jpg\",\"contentUrl\":\"https:\/\/www.spelcor.com.pe\/wp-content\/uploads\/2021\/11\/Shelter_TS-Kelleyjpg.jpg\",\"width\":600,\"height\":435},{\"@type\":\"WebPage\",\"@id\":\"https:\/\/www.spelcor.com.pe\/?product=shelter-de-anden-serie-ts-marco-rigido#webpage\",\"url\":\"https:\/\/www.spelcor.com.pe\/?product=shelter-de-anden-serie-ts-marco-rigido\",\"name\":\"Shelter de Anden Serie TS Marco Rigido - Spelcor\",\"isPartOf\":{\"@id\":\"http:\/\/www.spelcor.com.pe\/#website\"},\"primaryImageOfPage\":{\"@id\":\"https:\/\/www.spelcor.com.pe\/?product=shelter-de-anden-serie-ts-marco-rigido#primaryimage\"},\"datePublished\":\"2021-11-19T16:13:15+00:00\",\"dateModified\":\"2021-11-19T16:13:16+00:00\",\"description\":\"El Shelter de Anden r\\u00edgido Kelley Serie TS est\\u00e1 dise\\u00f1ado para acomodar una amplia variedad de tama\\u00f1os de puertas y veh\\u00edculos, proporcionando acceso a toda la anchura de la parte trasera del remolque.\",\"breadcrumb\":{\"@id\":\"https:\/\/www.spelcor.com.pe\/?product=shelter-de-anden-serie-ts-marco-rigido#breadcrumb\"},\"inLanguage\":\"es\",\"potentialAction\":[{\"@type\":\"ReadAction\",\"target\":[\"https:\/\/www.spelcor.com.pe\/?product=shelter-de-anden-serie-ts-marco-rigido\"]}]},{\"@type\":\"BreadcrumbList\",\"@id\":\"https:\/\/www.spelcor.com.pe\/?product=shelter-de-anden-serie-ts-marco-rigido#breadcrumb\",\"itemListElement\":[{\"@type\":\"ListItem\",\"position\":1,\"name\":\"Portada\",\"item\":\"http:\/\/www.spelcor.com.pe\/\"},{\"@type\":\"ListItem\",\"position\":2,\"name\":\"Tienda\",\"item\":\"https:\/\/www.spelcor.com.pe\/?page_id=968\"},{\"@type\":\"ListItem\",\"position\":3,\"name\":\"Shelter de Anden Serie TS Marco Rigido\"}]}]}<\/script>\n<!-- \/ Yoast SEO Premium plugin. -->","yoast_head_json":{"title":"Shelter de Anden Serie TS Marco Rigido - Spelcor","description":"El Shelter de Anden r\u00edgido Kelley Serie TS est\u00e1 dise\u00f1ado para acomodar una amplia variedad de tama\u00f1os de puertas y veh\u00edculos, proporcionando acceso a toda la anchura de la parte trasera del remolque.","robots":{"index":"index","follow":"follow","max-snippet":"max-snippet:-1","max-image-preview":"max-image-preview:large","max-video-preview":"max-video-preview:-1"},"canonical":"https:\/\/www.spelcor.com.pe\/?product=shelter-de-anden-serie-ts-marco-rigido","og_locale":"es_ES","og_type":"article","og_title":"Shelter de Anden Serie TS Marco Rigido","og_description":"El Shelter de Anden r\u00edgido Kelley Serie TS est\u00e1 dise\u00f1ado para acomodar una amplia variedad de tama\u00f1os de puertas y veh\u00edculos, proporcionando acceso a toda la anchura de la parte trasera del remolque.","og_url":"https:\/\/www.spelcor.com.pe\/?product=shelter-de-anden-serie-ts-marco-rigido","og_site_name":"Spelcor","article_modified_time":"2021-11-19T16:13:16+00:00","og_image":[{"width":600,"height":435,"url":"https:\/\/www.spelcor.com.pe\/wp-content\/uploads\/2021\/11\/Shelter_TS-Kelleyjpg.jpg","type":"image\/jpeg"}],"twitter_card":"summary_large_image","twitter_misc":{"Tiempo de lectura":"2 minutos"},"schema":{"@context":"https:\/\/schema.org","@graph":[{"@type":"WebSite","@id":"http:\/\/www.spelcor.com.pe\/#website","url":"http:\/\/www.spelcor.com.pe\/","name":"Spelcor","description":"Equipamiento e Ingenieria Industrial","potentialAction":[{"@type":"SearchAction","target":{"@type":"EntryPoint","urlTemplate":"http:\/\/www.spelcor.com.pe\/?s={search_term_string}"},"query-input":"required name=search_term_string"}],"inLanguage":"es"},{"@type":"ImageObject","@id":"https:\/\/www.spelcor.com.pe\/?product=shelter-de-anden-serie-ts-marco-rigido#primaryimage","inLanguage":"es","url":"https:\/\/www.spelcor.com.pe\/wp-content\/uploads\/2021\/11\/Shelter_TS-Kelleyjpg.jpg","contentUrl":"https:\/\/www.spelcor.com.pe\/wp-content\/uploads\/2021\/11\/Shelter_TS-Kelleyjpg.jpg","width":600,"height":435},{"@type":"WebPage","@id":"https:\/\/www.spelcor.com.pe\/?product=shelter-de-anden-serie-ts-marco-rigido#webpage","url":"https:\/\/www.spelcor.com.pe\/?product=shelter-de-anden-serie-ts-marco-rigido","name":"Shelter de Anden Serie TS Marco Rigido - Spelcor","isPartOf":{"@id":"http:\/\/www.spelcor.com.pe\/#website"},"primaryImageOfPage":{"@id":"https:\/\/www.spelcor.com.pe\/?product=shelter-de-anden-serie-ts-marco-rigido#primaryimage"},"datePublished":"2021-11-19T16:13:15+00:00","dateModified":"2021-11-19T16:13:16+00:00","description":"El Shelter de Anden r\u00edgido Kelley Serie TS est\u00e1 dise\u00f1ado para acomodar una amplia variedad de tama\u00f1os de puertas y veh\u00edculos, proporcionando acceso a toda la anchura de la parte trasera del remolque.","breadcrumb":{"@id":"https:\/\/www.spelcor.com.pe\/?product=shelter-de-anden-serie-ts-marco-rigido#breadcrumb"},"inLanguage":"es","potentialAction":[{"@type":"ReadAction","target":["https:\/\/www.spelcor.com.pe\/?product=shelter-de-anden-serie-ts-marco-rigido"]}]},{"@type":"BreadcrumbList","@id":"https:\/\/www.spelcor.com.pe\/?product=shelter-de-anden-serie-ts-marco-rigido#breadcrumb","itemListElement":[{"@type":"ListItem","position":1,"name":"Portada","item":"http:\/\/www.spelcor.com.pe\/"},{"@type":"ListItem","position":2,"name":"Tienda","item":"https:\/\/www.spelcor.com.pe\/?page_id=968"},{"@type":"ListItem","position":3,"name":"Shelter de Anden Serie TS Marco Rigido"}]}]}},"_links":{"self":[{"href":"https:\/\/www.spelcor.com.pe\/index.php?rest_route=\/wp\/v2\/product\/1088"}],"collection":[{"href":"https:\/\/www.spelcor.com.pe\/index.php?rest_route=\/wp\/v2\/product"}],"about":[{"href":"https:\/\/www.spelcor.com.pe\/index.php?rest_route=\/wp\/v2\/types\/product"}],"replies":[{"embeddable":true,"href":"https:\/\/www.spelcor.com.pe\/index.php?rest_route=%2Fwp%2Fv2%2Fcomments&post=1088"}],"wp:featuredmedia":[{"embeddable":true,"href":"https:\/\/www.spelcor.com.pe\/index.php?rest_route=\/wp\/v2\/media\/1090"}],"wp:attachment":[{"href":"https:\/\/www.spelcor.com.pe\/index.php?rest_route=%2Fwp%2Fv2%2Fmedia&parent=1088"}],"wp:term":[{"taxonomy":"product_cat","embeddable":true,"href":"https:\/\/www.spelcor.com.pe\/index.php?rest_route=%2Fwp%2Fv2%2Fproduct_cat&post=1088"},{"taxonomy":"product_tag","embeddable":true,"href":"https:\/\/www.spelcor.com.pe\/index.php?rest_route=%2Fwp%2Fv2%2Fproduct_tag&post=1088"}],"curies":[{"name":"wp","href":"https:\/\/api.w.org\/{rel}","templated":true}]}}